{"id":1721,"date":"2019-12-23T12:44:35","date_gmt":"2019-12-23T11:44:35","guid":{"rendered":"https:\/\/www.21barra5.it\/?page_id=1721"},"modified":"2023-02-06T08:16:31","modified_gmt":"2023-02-06T07:16:31","slug":"chambres","status":"publish","type":"page","link":"https:\/\/www.21barra5.it\/fr\/chambres\/","title":{"rendered":"Chambres"},"content":{"rendered":"<p>[et_pb_section fb_built=&#8221;1&#8243; _builder_version=&#8221;4.18.0&#8243; _module_preset=&#8221;default&#8221; custom_padding=&#8221;0px||20px||false|false&#8221; global_colors_info=&#8221;{}&#8221; global_module=&#8221;2457&#8243; locked=&#8221;off&#8221;][et_pb_row _builder_version=&#8221;4.18.0&#8243; _module_preset=&#8221;default&#8221; custom_padding=&#8221;0px||0px||true|false&#8221; global_colors_info=&#8221;{}&#8221; theme_builder_area=&#8221;post_content&#8221;][et_pb_column type=&#8221;4_4&#8243; _builder_version=&#8221;4.18.0&#8243; _module_preset=&#8221;default&#8221; global_colors_info=&#8221;{}&#8221; theme_builder_area=&#8221;post_content&#8221;][et_pb_code _builder_version=&#8221;4.18.0&#8243; _module_preset=&#8221;default&#8221; global_colors_info=&#8221;{}&#8221; theme_builder_area=&#8221;post_content&#8221;]<\/p>\n<div id=\"cinqueStelleBolContainer\"><\/div>\n<p>[\/et_pb_code][\/et_pb_column][\/et_pb_row][\/et_pb_section][et_pb_section fb_built=&#8221;1&#8243; admin_label=&#8221;Testata&#8221; _builder_version=&#8221;4.16&#8243; custom_margin=&#8221;0px|0px|0px|0px&#8221; custom_padding=&#8221;0px|0px|0px|0px&#8221; global_colors_info=&#8221;{}&#8221;][et_pb_row column_structure=&#8221;1_3,2_3&#8243; use_custom_gutter=&#8221;on&#8221; gutter_width=&#8221;1&#8243; make_equal=&#8221;on&#8221; padding_top_bottom_link_2=&#8221;true&#8221; module_class=&#8221; et_pb_row_fullwidth&#8221; _builder_version=&#8221;4.16&#8243; width=&#8221;100%&#8221; width_tablet=&#8221;100%&#8221; width_phone=&#8221;&#8221; width_last_edited=&#8221;on|desktop&#8221; max_width=&#8221;100%&#8221; max_width_tablet=&#8221;100%&#8221; max_width_phone=&#8221;&#8221; max_width_last_edited=&#8221;on|desktop&#8221; custom_margin=&#8221;0px|0px|0px|0px&#8221; custom_padding=&#8221;0px|0px|0px|0px&#8221; make_fullwidth=&#8221;on&#8221; global_colors_info=&#8221;{}&#8221;][et_pb_column type=&#8221;1_3&#8243; _builder_version=&#8221;4.16&#8243; background_color=&#8221;#3E4543&#8243; custom_padding=&#8221;120px|60px|120px|60px&#8221; custom_padding_tablet=&#8221;60px||60px||true&#8221; custom_padding_phone=&#8221;&#8221; custom_padding_last_edited=&#8221;on|phone&#8221; global_colors_info=&#8221;{}&#8221; custom_padding__hover=&#8221;|||&#8221;][et_pb_image src=&#8221;https:\/\/www.21barra5.it\/wp-content\/uploads\/2018\/09\/21barra5-footer.png&#8221; url=&#8221;https:\/\/www.21barra5.it\/fr\/&#8221; align=&#8221;center&#8221; align_tablet=&#8221;center&#8221; align_phone=&#8221;&#8221; align_last_edited=&#8221;on|desktop&#8221; admin_label=&#8221;Logo&#8221; _builder_version=&#8221;3.19.18&#8243; custom_margin=&#8221;||60px|&#8221; custom_margin_tablet=&#8221;||40px|&#8221; custom_margin_phone=&#8221;||30px|&#8221; custom_margin_last_edited=&#8221;on|phone&#8221; global_module=&#8221;460&#8243; saved_tabs=&#8221;all&#8221; global_colors_info=&#8221;{}&#8221;]<\/p>\n<p>&nbsp;<\/p>\n<p>[\/et_pb_image][et_pb_image src=&#8221;https:\/\/www.21barra5.it\/wp-content\/uploads\/2018\/09\/linea.png&#8221; url=&#8221;#titolo&#8221; align=&#8221;center&#8221; align_tablet=&#8221;center&#8221; align_phone=&#8221;&#8221; align_last_edited=&#8221;on|desktop&#8221; admin_label=&#8221;Freccia&#8221; _builder_version=&#8221;4.16&#8243; locked=&#8221;on&#8221; global_colors_info=&#8221;{}&#8221;]<\/p>\n<p>&nbsp;<\/p>\n<p>[\/et_pb_image][\/et_pb_column][et_pb_column type=&#8221;2_3&#8243; _builder_version=&#8221;4.16&#8243; background_image=&#8221;https:\/\/www.21barra5.it\/wp-content\/uploads\/2019\/03\/camera-6-21barra5.jpg&#8221; background_position=&#8221;bottom_center&#8221; custom_padding=&#8221;120px||120px|&#8221; custom_padding_tablet=&#8221;&#8221; custom_padding_phone=&#8221;&#8221; custom_padding_last_edited=&#8221;on|phone&#8221; global_colors_info=&#8221;{}&#8221; custom_padding__hover=&#8221;|||&#8221;][et_pb_divider show_divider=&#8221;off&#8221; _builder_version=&#8221;3.14&#8243; locked=&#8221;on&#8221;]<\/p>\n<p>&nbsp;<\/p>\n<p>[\/et_pb_divider][\/et_pb_column][\/et_pb_row][\/et_pb_section][et_pb_section fb_built=&#8221;1&#8243; module_id=&#8221;titolo&#8221; _builder_version=&#8221;4.16&#8243; global_colors_info=&#8221;{}&#8221;][et_pb_row column_structure=&#8221;3_4,1_4&#8243; use_custom_gutter=&#8221;on&#8221; gutter_width=&#8221;2&#8243; _builder_version=&#8221;4.16&#8243; custom_padding=&#8221;|||&#8221; global_colors_info=&#8221;{}&#8221;][et_pb_column type=&#8221;3_4&#8243; _builder_version=&#8221;4.16&#8243; custom_padding=&#8221;|40px||40px&#8221; custom_padding_tablet=&#8221;|20px||20px&#8221; custom_padding_phone=&#8221;|10px||10px&#8221; custom_padding_last_edited=&#8221;on|tablet&#8221; global_colors_info=&#8221;{}&#8221; custom_padding__hover=&#8221;|||&#8221;][et_pb_text admin_label=&#8221;LE CAMERE DI 21BARRA5&#8243; module_class=&#8221;titolo-data&#8221; _builder_version=&#8221;4.16&#8243; custom_margin=&#8221;||50px|&#8221; custom_padding=&#8221;|||&#8221; global_colors_info=&#8221;{}&#8221;]<\/p>\n<h1 style=\"text-align: left;\">LES CHAMBRES DU 21BARRA5<\/h1>\n<p>[\/et_pb_text][et_pb_text admin_label=&#8221;Il calore e l&#8217;ospitalit\u00e0 del territorio&#8221; module_class=&#8221;sottotitolo-data&#8221; _builder_version=&#8221;4.16&#8243; custom_margin=&#8221;||5px|&#8221; custom_padding=&#8221;|||&#8221; global_colors_info=&#8221;{}&#8221;]<\/p>\n<h2 style=\"text-align: left;\">La chaleur et l\u2019hospitalite du territoire<\/h2>\n<p>[\/et_pb_text][et_pb_text module_class=&#8221;testo-data&#8221; _builder_version=&#8221;4.16&#8243; custom_margin=&#8221;0px||70px|&#8221; custom_padding=&#8221;0px|||&#8221; global_colors_info=&#8221;{}&#8221;]<\/p>\n<p style=\"text-align: left;\">Dans toutes nos <strong>chambres<\/strong>, vous pourrez ressentir la chaleur et l\u2019hospitalit\u00e9 du territoire vald\u00f4tain dans un d\u00e9cor moderne et de design avec un rappel aux mat\u00e9riaux de la tradition alpine.<\/p>\n<p>Gr\u00e2ce aux <strong>grandes baies vitr\u00e9es<\/strong>, qui rendent les chambres lumineuses, une relation particuli\u00e8re s\u2019\u00e9tablit avec l\u2019ext\u00e9rieur qui, sans aucune solution de continuit\u00e9, devient en quelque sorte partie int\u00e9grante de la maison.<\/p>\n<p>[\/et_pb_text][et_pb_blurb title=&#8221;Chambre Standard&#8221; url=&#8221;https:\/\/www.21barra5.it\/fr\/chambre-standard\/&#8221; image=&#8221;https:\/\/www.21barra5.it\/wp-content\/uploads\/2019\/03\/21barra5-camere-gressan.jpg&#8221; admin_label=&#8221;Camera #1&#8243; _builder_version=&#8221;4.16&#8243; global_colors_info=&#8221;{}&#8221;]<\/p>\n<p>Chambre avec un grand lit, grande loggia et zone verte priv\u00e9e.<br \/> <a href=\"\/fr\/chambre-standard\">ENTREZ DANS LA CHAMBRE<\/a><\/p>\n<p>[\/et_pb_blurb][et_pb_blurb title=&#8221;Chambre Superior&#8221; url=&#8221;https:\/\/www.21barra5.it\/fr\/chambre-superior\/&#8221; image=&#8221;https:\/\/www.21barra5.it\/wp-content\/uploads\/2019\/03\/21barra5-camera5-gressa-vda-5.jpg&#8221; admin_label=&#8221;Camera #2&#8243; _builder_version=&#8221;4.16&#8243; custom_margin=&#8221;||&#8221; global_colors_info=&#8221;{}&#8221;]<\/p>\n<p>Chambre avec zone living spacieuse, canap\u00e9 et mezzanine pour la zone nuit.<br \/> <a href=\"\/fr\/chambre-superior\">ENTREZ DANS LA CHAMBRE<\/a><\/p>\n<p>[\/et_pb_blurb][et_pb_blurb title=&#8221;Suite&#8221; url=&#8221;https:\/\/www.21barra5.it\/fr\/suite\/&#8221; image=&#8221;https:\/\/www.21barra5.it\/wp-content\/uploads\/2019\/03\/camera6-21barra5-5.jpg&#8221; admin_label=&#8221;Camera #3&#8243; _builder_version=&#8221;4.16&#8243; global_colors_info=&#8221;{}&#8221;]Chambre tr\u00e8s spacieuse, avec zone living dot\u00e9e d\u2019un canap\u00e9, et zone nuit avec un grand lit king size.<br \/>\n<a href=\"https:\/\/www.21barra5.it\/fr\/chambre-6\/\">ENTREZ DANS LA CHAMBRE<\/a>[\/et_pb_blurb][\/et_pb_column][et_pb_column type=&#8221;1_4&#8243; _builder_version=&#8221;4.16&#8243; custom_padding=&#8221;|||&#8221; global_colors_info=&#8221;{}&#8221; custom_padding__hover=&#8221;|||&#8221;][et_pb_gallery gallery_ids=&#8221;1913,1634,1627,1678,1614,1676&#8243; posts_number=&#8221;13&#8243; orientation=&#8221;portrait&#8221; show_title_and_caption=&#8221;off&#8221; show_pagination=&#8221;off&#8221; module_class=&#8221;galleria-data&#8221; _builder_version=&#8221;4.4.6&#8243; custom_padding=&#8221;0px|0px|0px|0px&#8221; hover_enabled=&#8221;0&#8243; locked=&#8221;off&#8221;][\/et_pb_gallery][\/et_pb_column][\/et_pb_row][\/et_pb_section][et_pb_section fb_built=&#8221;1&#8243; _builder_version=&#8221;3.22&#8243; background_color=&#8221;#3e4543&#8243; custom_padding=&#8221;0|0px|0|0px|false|false&#8221; global_module=&#8221;1131&#8243; global_colors_info=&#8221;{}&#8221;][et_pb_row _builder_version=&#8221;4.16&#8243; max_width=&#8221;1080px&#8221; custom_padding=&#8221;50px|0px|0|0px|false|false&#8221; global_colors_info=&#8221;{}&#8221;][et_pb_column type=&#8221;4_4&#8243; _builder_version=&#8221;4.16&#8243; custom_padding=&#8221;|||&#8221; global_colors_info=&#8221;{}&#8221; custom_padding__hover=&#8221;|||&#8221;][et_pb_button button_url=&#8221;https:\/\/secure.kosmosol.it\/booking\/v2\/check-availability.php?h=21barra5-charvensod&#8221; url_new_window=&#8221;on&#8221; button_text=&#8221;R\u00c9SERVEZ&#8221; button_alignment=&#8221;center&#8221; admin_label=&#8221;PRENOTA&#8221; _builder_version=&#8221;4.16&#8243; custom_button=&#8221;on&#8221; button_text_size=&#8221;17px&#8221; button_text_color=&#8221;#333333&#8243; button_bg_color=&#8221;#ffa23f&#8221; button_border_width=&#8221;4px&#8221; button_border_color=&#8221;#ffa23f&#8221; button_border_radius=&#8221;0px&#8221; button_font=&#8221;|||on|||||&#8221; button_use_icon=&#8221;off&#8221; custom_margin=&#8221;|||&#8221; custom_padding=&#8221;|||&#8221; z_index_tablet=&#8221;500&#8243; global_colors_info=&#8221;{}&#8221; button_text_size__hover_enabled=&#8221;off&#8221; button_one_text_size__hover_enabled=&#8221;off&#8221; button_two_text_size__hover_enabled=&#8221;off&#8221; button_text_color__hover_enabled=&#8221;off&#8221; button_one_text_color__hover_enabled=&#8221;off&#8221; button_two_text_color__hover_enabled=&#8221;off&#8221; button_border_width__hover_enabled=&#8221;off&#8221; button_one_border_width__hover_enabled=&#8221;off&#8221; button_two_border_width__hover_enabled=&#8221;off&#8221; button_border_color__hover_enabled=&#8221;on&#8221; button_one_border_color__hover_enabled=&#8221;off&#8221; button_two_border_color__hover_enabled=&#8221;off&#8221; button_border_radius__hover_enabled=&#8221;off&#8221; button_one_border_radius__hover_enabled=&#8221;off&#8221; button_two_border_radius__hover_enabled=&#8221;off&#8221; button_letter_spacing__hover_enabled=&#8221;off&#8221; button_one_letter_spacing__hover_enabled=&#8221;off&#8221; button_two_letter_spacing__hover_enabled=&#8221;off&#8221; button_bg_color__hover_enabled=&#8221;on&#8221; button_one_bg_color__hover_enabled=&#8221;off&#8221; button_two_bg_color__hover_enabled=&#8221;off&#8221; button_bg_color__hover=&#8221;#ef923b&#8221; button_border_color__hover=&#8221;#ef923b&#8221;]<\/p>\n<p>&nbsp;<\/p>\n<p>[\/et_pb_button][\/et_pb_column][\/et_pb_row][\/et_pb_section]<\/p>\n","protected":false},"excerpt":{"rendered":"<p>&nbsp; &nbsp; &nbsp; LES CHAMBRES DU 21BARRA5 La chaleur et l\u2019hospitalite du territoire Dans toutes nos chambres, vous pourrez ressentir la chaleur et l\u2019hospitalit\u00e9 du territoire vald\u00f4tain dans un d\u00e9cor moderne et de design avec un rappel aux mat\u00e9riaux de la tradition alpine. Gr\u00e2ce aux grandes baies vitr\u00e9es, qui rendent les chambres lumineuses, une relation [&hellip;]<\/p>\n","protected":false},"author":1,"featured_media":0,"parent":0,"menu_order":0,"comment_status":"closed","ping_status":"closed","template":"","meta":{"_et_pb_use_builder":"on","_et_pb_old_content":"","_et_gb_content_width":"","footnotes":""},"class_list":["post-1721","page","type-page","status-publish","hentry"],"yoast_head":"<!-- This site is optimized with the Yoast SEO plugin v27.3 - https:\/\/yoast.com\/product\/yoast-seo-wordpress\/ -->\n<title>Chambres - Il calore e l&#039;ospitalit\u00e0 del territorio - Valle d&#039;Aosta<\/title>\n<meta name=\"description\" content=\"Tutte le nostre camere permettono di provare il calore e l\u2019ospitalit\u00e0 del territorio valdostano in un ambiente moderno e di design.\" \/>\n<meta name=\"robots\" content=\"index, follow, max-snippet:-1, max-image-preview:large, max-video-preview:-1\" \/>\n<link rel=\"canonical\" href=\"https:\/\/www.21barra5.it\/fr\/chambres\/\" \/>\n<meta property=\"og:locale\" content=\"fr_FR\" \/>\n<meta property=\"og:type\" content=\"article\" \/>\n<meta property=\"og:title\" content=\"Chambres - Il calore e l&#039;ospitalit\u00e0 del territorio - Valle d&#039;Aosta\" \/>\n<meta property=\"og:description\" content=\"Tutte le nostre camere permettono di provare il calore e l\u2019ospitalit\u00e0 del territorio valdostano in un ambiente moderno e di design.\" \/>\n<meta property=\"og:url\" content=\"https:\/\/www.21barra5.it\/fr\/chambres\/\" \/>\n<meta property=\"og:site_name\" content=\"21barra5\" \/>\n<meta property=\"article:modified_time\" content=\"2023-02-06T07:16:31+00:00\" \/>\n<meta name=\"twitter:card\" content=\"summary_large_image\" \/>\n<meta name=\"twitter:label1\" content=\"Dur\u00e9e de lecture estim\u00e9e\" \/>\n\t<meta name=\"twitter:data1\" content=\"6 minutes\" \/>\n<script type=\"application\/ld+json\" class=\"yoast-schema-graph\">{\"@context\":\"https:\\\/\\\/schema.org\",\"@graph\":[{\"@type\":\"WebPage\",\"@id\":\"https:\\\/\\\/www.21barra5.it\\\/fr\\\/chambres\\\/\",\"url\":\"https:\\\/\\\/www.21barra5.it\\\/fr\\\/chambres\\\/\",\"name\":\"Chambres - Il calore e l'ospitalit\u00e0 del territorio - Valle d'Aosta\",\"isPartOf\":{\"@id\":\"https:\\\/\\\/www.21barra5.it\\\/fr\\\/#website\"},\"datePublished\":\"2019-12-23T11:44:35+00:00\",\"dateModified\":\"2023-02-06T07:16:31+00:00\",\"description\":\"Tutte le nostre camere permettono di provare il calore e l\u2019ospitalit\u00e0 del territorio valdostano in un ambiente moderno e di design.\",\"breadcrumb\":{\"@id\":\"https:\\\/\\\/www.21barra5.it\\\/fr\\\/chambres\\\/#breadcrumb\"},\"inLanguage\":\"fr-FR\",\"potentialAction\":[{\"@type\":\"ReadAction\",\"target\":[\"https:\\\/\\\/www.21barra5.it\\\/fr\\\/chambres\\\/\"]}]},{\"@type\":\"BreadcrumbList\",\"@id\":\"https:\\\/\\\/www.21barra5.it\\\/fr\\\/chambres\\\/#breadcrumb\",\"itemListElement\":[{\"@type\":\"ListItem\",\"position\":1,\"name\":\"Home\",\"item\":\"https:\\\/\\\/www.21barra5.it\\\/fr\\\/\"},{\"@type\":\"ListItem\",\"position\":2,\"name\":\"Chambres\"}]},{\"@type\":\"WebSite\",\"@id\":\"https:\\\/\\\/www.21barra5.it\\\/fr\\\/#website\",\"url\":\"https:\\\/\\\/www.21barra5.it\\\/fr\\\/\",\"name\":\"21barra5\",\"description\":\"B&amp;B Aosta\",\"potentialAction\":[{\"@type\":\"SearchAction\",\"target\":{\"@type\":\"EntryPoint\",\"urlTemplate\":\"https:\\\/\\\/www.21barra5.it\\\/fr\\\/?s={search_term_string}\"},\"query-input\":{\"@type\":\"PropertyValueSpecification\",\"valueRequired\":true,\"valueName\":\"search_term_string\"}}],\"inLanguage\":\"fr-FR\"}]}<\/script>\n<!-- \/ Yoast SEO plugin. -->","yoast_head_json":{"title":"Chambres - Il calore e l'ospitalit\u00e0 del territorio - Valle d'Aosta","description":"Tutte le nostre camere permettono di provare il calore e l\u2019ospitalit\u00e0 del territorio valdostano in un ambiente moderno e di design.","robots":{"index":"index","follow":"follow","max-snippet":"max-snippet:-1","max-image-preview":"max-image-preview:large","max-video-preview":"max-video-preview:-1"},"canonical":"https:\/\/www.21barra5.it\/fr\/chambres\/","og_locale":"fr_FR","og_type":"article","og_title":"Chambres - Il calore e l'ospitalit\u00e0 del territorio - Valle d'Aosta","og_description":"Tutte le nostre camere permettono di provare il calore e l\u2019ospitalit\u00e0 del territorio valdostano in un ambiente moderno e di design.","og_url":"https:\/\/www.21barra5.it\/fr\/chambres\/","og_site_name":"21barra5","article_modified_time":"2023-02-06T07:16:31+00:00","twitter_card":"summary_large_image","twitter_misc":{"Dur\u00e9e de lecture estim\u00e9e":"6 minutes"},"schema":{"@context":"https:\/\/schema.org","@graph":[{"@type":"WebPage","@id":"https:\/\/www.21barra5.it\/fr\/chambres\/","url":"https:\/\/www.21barra5.it\/fr\/chambres\/","name":"Chambres - Il calore e l'ospitalit\u00e0 del territorio - Valle d'Aosta","isPartOf":{"@id":"https:\/\/www.21barra5.it\/fr\/#website"},"datePublished":"2019-12-23T11:44:35+00:00","dateModified":"2023-02-06T07:16:31+00:00","description":"Tutte le nostre camere permettono di provare il calore e l\u2019ospitalit\u00e0 del territorio valdostano in un ambiente moderno e di design.","breadcrumb":{"@id":"https:\/\/www.21barra5.it\/fr\/chambres\/#breadcrumb"},"inLanguage":"fr-FR","potentialAction":[{"@type":"ReadAction","target":["https:\/\/www.21barra5.it\/fr\/chambres\/"]}]},{"@type":"BreadcrumbList","@id":"https:\/\/www.21barra5.it\/fr\/chambres\/#breadcrumb","itemListElement":[{"@type":"ListItem","position":1,"name":"Home","item":"https:\/\/www.21barra5.it\/fr\/"},{"@type":"ListItem","position":2,"name":"Chambres"}]},{"@type":"WebSite","@id":"https:\/\/www.21barra5.it\/fr\/#website","url":"https:\/\/www.21barra5.it\/fr\/","name":"21barra5","description":"B&amp;B Aosta","potentialAction":[{"@type":"SearchAction","target":{"@type":"EntryPoint","urlTemplate":"https:\/\/www.21barra5.it\/fr\/?s={search_term_string}"},"query-input":{"@type":"PropertyValueSpecification","valueRequired":true,"valueName":"search_term_string"}}],"inLanguage":"fr-FR"}]}},"_links":{"self":[{"href":"https:\/\/www.21barra5.it\/fr\/wp-json\/wp\/v2\/pages\/1721","targetHints":{"allow":["GET"]}}],"collection":[{"href":"https:\/\/www.21barra5.it\/fr\/wp-json\/wp\/v2\/pages"}],"about":[{"href":"https:\/\/www.21barra5.it\/fr\/wp-json\/wp\/v2\/types\/page"}],"author":[{"embeddable":true,"href":"https:\/\/www.21barra5.it\/fr\/wp-json\/wp\/v2\/users\/1"}],"replies":[{"embeddable":true,"href":"https:\/\/www.21barra5.it\/fr\/wp-json\/wp\/v2\/comments?post=1721"}],"version-history":[{"count":8,"href":"https:\/\/www.21barra5.it\/fr\/wp-json\/wp\/v2\/pages\/1721\/revisions"}],"predecessor-version":[{"id":2556,"href":"https:\/\/www.21barra5.it\/fr\/wp-json\/wp\/v2\/pages\/1721\/revisions\/2556"}],"wp:attachment":[{"href":"https:\/\/www.21barra5.it\/fr\/wp-json\/wp\/v2\/media?parent=1721"}],"curies":[{"name":"wp","href":"https:\/\/api.w.org\/{rel}","templated":true}]}}