{"id":1502,"date":"2019-10-30T10:10:48","date_gmt":"2019-10-30T09:10:48","guid":{"rendered":"https:\/\/www.21barra5.it\/outdoor\/"},"modified":"2023-12-11T08:55:22","modified_gmt":"2023-12-11T07:55:22","slug":"outdoor","status":"publish","type":"page","link":"https:\/\/www.21barra5.it\/fr\/outdoor\/","title":{"rendered":"Outdoor"},"content":{"rendered":"<p>[et_pb_section fb_built=&#8221;1&#8243; _builder_version=&#8221;4.18.0&#8243; _module_preset=&#8221;default&#8221; custom_padding=&#8221;0px||20px||false|false&#8221; global_module=&#8221;2457&#8243; locked=&#8221;off&#8221; global_colors_info=&#8221;{}&#8221;][et_pb_row _builder_version=&#8221;4.18.0&#8243; _module_preset=&#8221;default&#8221; custom_padding=&#8221;0px||0px||true|false&#8221; global_colors_info=&#8221;{}&#8221;][et_pb_column type=&#8221;4_4&#8243; _builder_version=&#8221;4.18.0&#8243; _module_preset=&#8221;default&#8221; global_colors_info=&#8221;{}&#8221;][et_pb_code _builder_version=&#8221;4.18.0&#8243; _module_preset=&#8221;default&#8221; global_colors_info=&#8221;{}&#8221;]<\/p>\n<div id=\"cinqueStelleBolContainer\"><\/div>\n<p>[\/et_pb_code][\/et_pb_column][\/et_pb_row][\/et_pb_section][et_pb_section fb_built=&#8221;1&#8243; admin_label=&#8221;Testata&#8221; _builder_version=&#8221;4.16&#8243; custom_margin=&#8221;0px|0px|0px|0px&#8221; custom_padding=&#8221;0px|0px|0px|0px&#8221; global_colors_info=&#8221;{}&#8221;][et_pb_row column_structure=&#8221;1_3,2_3&#8243; use_custom_gutter=&#8221;on&#8221; gutter_width=&#8221;1&#8243; make_equal=&#8221;on&#8221; padding_top_bottom_link_1=&#8221;true&#8221; padding_top_bottom_link_2=&#8221;true&#8221; module_class=&#8221; et_pb_row_fullwidth&#8221; _builder_version=&#8221;4.16&#8243; width=&#8221;100%&#8221; width_tablet=&#8221;100%&#8221; width_phone=&#8221;&#8221; width_last_edited=&#8221;on|desktop&#8221; max_width=&#8221;100%&#8221; max_width_tablet=&#8221;100%&#8221; max_width_phone=&#8221;&#8221; max_width_last_edited=&#8221;on|desktop&#8221; custom_margin=&#8221;0px|0px|0px|0px&#8221; custom_padding=&#8221;0px|0px|0px|0px&#8221; make_fullwidth=&#8221;on&#8221; global_colors_info=&#8221;{}&#8221;][et_pb_column type=&#8221;1_3&#8243; _builder_version=&#8221;4.16&#8243; background_color=&#8221;#3E4543&#8243; custom_padding=&#8221;120px|60px|120px|60px&#8221; custom_padding_tablet=&#8221;60px||60px||true&#8221; custom_padding_phone=&#8221;&#8221; custom_padding_last_edited=&#8221;on|tablet&#8221; global_colors_info=&#8221;{}&#8221; custom_padding__hover=&#8221;|||&#8221;][et_pb_image src=&#8221;https:\/\/www.21barra5.it\/wp-content\/uploads\/2018\/09\/21barra5-footer.png&#8221; url=&#8221;https:\/\/www.21barra5.it\/fr\/&#8221; align=&#8221;center&#8221; align_tablet=&#8221;center&#8221; align_phone=&#8221;&#8221; align_last_edited=&#8221;on|desktop&#8221; admin_label=&#8221;Logo&#8221; _builder_version=&#8221;3.19.18&#8243; custom_margin=&#8221;||60px|&#8221; custom_margin_tablet=&#8221;||40px|&#8221; custom_margin_phone=&#8221;||30px|&#8221; custom_margin_last_edited=&#8221;on|phone&#8221; global_module=&#8221;460&#8243; saved_tabs=&#8221;all&#8221; global_colors_info=&#8221;{}&#8221;]<\/p>\n<p>&nbsp;<\/p>\n<p>[\/et_pb_image][et_pb_image src=&#8221;https:\/\/www.21barra5.it\/wp-content\/uploads\/2018\/09\/linea.png&#8221; url=&#8221;#titolo&#8221; align=&#8221;center&#8221; align_tablet=&#8221;center&#8221; align_phone=&#8221;&#8221; align_last_edited=&#8221;on|desktop&#8221; admin_label=&#8221;Freccia&#8221; _builder_version=&#8221;4.16&#8243; locked=&#8221;on&#8221; global_colors_info=&#8221;{}&#8221;]<\/p>\n<p>&nbsp;<\/p>\n<p>[\/et_pb_image][\/et_pb_column][et_pb_column type=&#8221;2_3&#8243; _builder_version=&#8221;4.16&#8243; background_image=&#8221;https:\/\/www.21barra5.it\/wp-content\/uploads\/2020\/07\/21barra5-gressan-12.jpg&#8221; custom_padding=&#8221;120px||120px|&#8221; custom_padding_tablet=&#8221;&#8221; custom_padding_phone=&#8221;&#8221; custom_padding_last_edited=&#8221;on|tablet&#8221; global_colors_info=&#8221;{}&#8221; custom_padding__hover=&#8221;|||&#8221;][et_pb_divider show_divider=&#8221;off&#8221; _builder_version=&#8221;3.14&#8243; locked=&#8221;on&#8221;]<\/p>\n<p>&nbsp;<\/p>\n<p>[\/et_pb_divider][\/et_pb_column][\/et_pb_row][\/et_pb_section][et_pb_section fb_built=&#8221;1&#8243; module_id=&#8221;titolo&#8221; _builder_version=&#8221;4.16&#8243; global_colors_info=&#8221;{}&#8221;][et_pb_row column_structure=&#8221;3_4,1_4&#8243; use_custom_gutter=&#8221;on&#8221; gutter_width=&#8221;2&#8243; _builder_version=&#8221;4.16&#8243; custom_padding=&#8221;30px|0px|0|0px|false|false&#8221; global_colors_info=&#8221;{}&#8221;][et_pb_column type=&#8221;3_4&#8243; _builder_version=&#8221;4.16&#8243; custom_padding=&#8221;|40px||40px&#8221; custom_padding_tablet=&#8221;|20px||20px&#8221; custom_padding_phone=&#8221;|10px||10px&#8221; custom_padding_last_edited=&#8221;on|tablet&#8221; global_colors_info=&#8221;{}&#8221; custom_padding__hover=&#8221;|||&#8221;][et_pb_text admin_label=&#8221;OUTDOOR IN VALLE D&#8217;AOSTA&#8221; module_class=&#8221;titolo-data&#8221; _builder_version=&#8221;4.16&#8243; custom_margin=&#8221;||50px|&#8221; custom_padding=&#8221;|||&#8221; global_colors_info=&#8221;{}&#8221;]<\/p>\n<h1 style=\"text-align: left;\">OUTDOOR EN VALL\u00c9E D&#8217;AOSTE<\/h1>\n<p>[\/et_pb_text][et_pb_text admin_label=&#8221;Mountain bike&#8221; module_class=&#8221;sottotitolo-data&#8221; _builder_version=&#8221;4.16&#8243; custom_margin=&#8221;||5px|&#8221; custom_padding=&#8221;|||&#8221; global_colors_info=&#8221;{}&#8221;]<\/p>\n<h2 style=\"text-align: left;\">VTT<\/h2>\n<p>[\/et_pb_text][et_pb_text module_class=&#8221;testo-data&#8221; _builder_version=&#8221;4.16&#8243; custom_margin=&#8221;0px||30px|&#8221; custom_padding=&#8221;0px|||&#8221; global_colors_info=&#8221;{}&#8221;]La Vall\u00e9e d\u2019Aoste est s\u00fbrement l\u2019endroit id\u00e9al pour tous les passionn\u00e9s de <strong>VTT<\/strong>. On trouve sur tout le territoire r\u00e9gional de longs parcours sur des sentiers que l\u2019on peut parcourir en VTT, des parcours adapt\u00e9s \u00e0 tous les types de pr\u00e9paration physique.<\/p>\n<p>21barra5 collabore avec des moniteurs de VTT, des professionnels qui accompagnent les personnes, seules ou en groupe, sur des <strong>itin\u00e9raires<\/strong>, en <strong>excursion<\/strong>, assurant \u00e0 leur client\u00e8le assistance technique et m\u00e9canique et leur fournissant, en route, des renseignements touristiques sur les lieux qu\u2019ils traversent.<br \/>\n[\/et_pb_text][et_pb_image src=&#8221;https:\/\/www.21barra5.it\/wp-content\/uploads\/2023\/12\/outdoor-1.jpg&#8221; alt=&#8221;21Barra5 &#8211; Outdoor&#8221; title_text=&#8221;21Barra5 &#8211; Outdoor&#8221; show_in_lightbox=&#8221;on&#8221; align_tablet=&#8221;center&#8221; align_phone=&#8221;&#8221; align_last_edited=&#8221;on|desktop&#8221; module_class=&#8221;banner-data&#8221; _builder_version=&#8221;4.23.1&#8243; custom_margin=&#8221;||70px|&#8221; hover_enabled=&#8221;0&#8243; global_colors_info=&#8221;{}&#8221; sticky_enabled=&#8221;0&#8243;]<\/p>\n<p>&nbsp;<\/p>\n<p>[\/et_pb_image][et_pb_text admin_label=&#8221;Trekking&#8221; module_class=&#8221;sottotitolo-data&#8221; _builder_version=&#8221;4.16&#8243; custom_margin=&#8221;||5px|&#8221; custom_padding=&#8221;|||&#8221; global_colors_info=&#8221;{}&#8221;]<\/p>\n<h2 style=\"text-align: left;\">Trekking<\/h2>\n<p>[\/et_pb_text][et_pb_text module_class=&#8221;testo-data&#8221; _builder_version=&#8221;4.16&#8243; custom_margin=&#8221;0px||30px|&#8221; custom_padding=&#8221;0px|||&#8221; global_colors_info=&#8221;{}&#8221;]En <strong>Vall\u00e9e d\u2019Aoste<\/strong>, il est possible, en toute saison, de faire <strong>d\u2019agr\u00e9ables promenades en montagne<\/strong>. Suivant votre pr\u00e9paration physique, vous pourrez entreprendre des promenades faciles ou bien des itin\u00e9raires plus longs et plus difficiles. Qu\u2019il s\u2019agisse de promenades de deux heures ou d\u2019une journ\u00e9e, la r\u00e9compense est d\u2019arriver sans h\u00e2te dans des endroits d\u2019une beaut\u00e9 surprenante, o\u00f9 le charme des paysages vous r\u00e9compense de votre fatigue.<br \/>\n[\/et_pb_text][et_pb_image src=&#8221;https:\/\/www.21barra5.it\/wp-content\/uploads\/2019\/03\/trekking-valle-daosta.jpg&#8221; alt=&#8221;21BARRA5 &#8211; Outdoor&#8221; title_text=&#8221;21BARRA5 &#8211; Outdoor&#8221; show_in_lightbox=&#8221;on&#8221; align_tablet=&#8221;center&#8221; align_phone=&#8221;&#8221; align_last_edited=&#8221;on|desktop&#8221; module_class=&#8221;banner-data&#8221; _builder_version=&#8221;4.16&#8243; custom_margin=&#8221;||70px|&#8221; global_colors_info=&#8221;{}&#8221;]<\/p>\n<p>&nbsp;<\/p>\n<p>[\/et_pb_image][et_pb_text admin_label=&#8221;Sci alpino, snowboard e sci di fondo&#8221; module_class=&#8221;sottotitolo-data&#8221; _builder_version=&#8221;4.16&#8243; custom_margin=&#8221;||5px|&#8221; custom_padding=&#8221;|||&#8221; global_colors_info=&#8221;{}&#8221;]<\/p>\n<h2 style=\"text-align: left;\">Ski alpin, snowboard et ski de fond<\/h2>\n<p>[\/et_pb_text][et_pb_text module_class=&#8221;testo-data&#8221; _builder_version=&#8221;4.16&#8243; custom_margin=&#8221;0px||30px|&#8221; custom_padding=&#8221;0px|||&#8221; global_colors_info=&#8221;{}&#8221;]La Vall\u00e9e d\u2019Aoste repr\u00e9sente sans aucun doute un v\u00e9ritable paradis pour les <strong>sports d\u2019hiver<\/strong>. Les diff\u00e9rents domaines skiables offrent aux passionn\u00e9s de ski de n\u2019importe quel niveau environ 900 km de pistes de descente et 300 km de pistes de ski de fond.<br \/>\n[\/et_pb_text][et_pb_image src=&#8221;https:\/\/www.21barra5.it\/wp-content\/uploads\/2019\/03\/outdoor-21barra5-2.jpg&#8221; alt=&#8221;21BARRA5 &#8211; Outdoor&#8221; title_text=&#8221;21BARRA5 &#8211; Outdoor&#8221; show_in_lightbox=&#8221;on&#8221; align_tablet=&#8221;center&#8221; align_phone=&#8221;&#8221; align_last_edited=&#8221;on|desktop&#8221; module_class=&#8221;banner-data&#8221; _builder_version=&#8221;4.16&#8243; custom_margin=&#8221;||70px|&#8221; global_colors_info=&#8221;{}&#8221;]<\/p>\n<p>&nbsp;<\/p>\n<p>[\/et_pb_image][et_pb_text admin_label=&#8221;Alpinismo&#8221; module_class=&#8221;sottotitolo-data&#8221; _builder_version=&#8221;4.16&#8243; custom_margin=&#8221;||5px|&#8221; custom_padding=&#8221;|||&#8221; global_colors_info=&#8221;{}&#8221;]<\/p>\n<h2 style=\"text-align: left;\">Alpinisme<\/h2>\n<p>[\/et_pb_text][et_pb_text module_class=&#8221;testo-data&#8221; _builder_version=&#8221;4.16&#8243; custom_margin=&#8221;0px||30px|&#8221; custom_padding=&#8221;0px|||&#8221; global_colors_info=&#8221;{}&#8221;]Entour\u00e9e par les majestueux sommets des Alpes, la Vall\u00e9e d\u2019Aoste est l\u2019endroit id\u00e9al pour des vacances en montagne sous le signe de l\u2019<strong>alpinisme<\/strong>. Les plus hauts massifs d\u2019Europe (Mont-Blanc, Grand-Paradis, Cervin et Mont-Rose) constituent autant d\u2019ascensions historiques et les passionn\u00e9s de la montagne trouvent sur tout le territoire r\u00e9gional un grand choix d\u2019itin\u00e9raires sur parois rocheuses (via ferrata) ainsi que de parois pour l\u2019escalade sportive.<br \/>\n[\/et_pb_text][et_pb_image src=&#8221;https:\/\/www.21barra5.it\/wp-content\/uploads\/2019\/03\/mountain-climbing-valle-daosta.jpg&#8221; alt=&#8221;21BARRA5 &#8211; Outdoor&#8221; title_text=&#8221;21BARRA5 &#8211; Outdoor&#8221; show_in_lightbox=&#8221;on&#8221; align_tablet=&#8221;center&#8221; align_phone=&#8221;&#8221; align_last_edited=&#8221;on|desktop&#8221; module_class=&#8221;banner-data&#8221; _builder_version=&#8221;4.16&#8243; custom_margin=&#8221;||70px|&#8221; global_colors_info=&#8221;{}&#8221;]<\/p>\n<p>&nbsp;<\/p>\n<p>[\/et_pb_image][\/et_pb_column][et_pb_column type=&#8221;1_4&#8243; _builder_version=&#8221;4.16&#8243; custom_padding=&#8221;|||&#8221; global_colors_info=&#8221;{}&#8221; custom_padding__hover=&#8221;|||&#8221;][et_pb_gallery gallery_ids=&#8221;1557,1556,2931,1558,1559,1552,2934&#8243; posts_number=&#8221;10&#8243; orientation=&#8221;portrait&#8221; show_title_and_caption=&#8221;off&#8221; show_pagination=&#8221;off&#8221; module_class=&#8221;galleria-data&#8221; _builder_version=&#8221;4.23.1&#8243; custom_padding=&#8221;0px|0px|0px|0px&#8221; hover_enabled=&#8221;0&#8243; saved_tabs=&#8221;all&#8221; global_colors_info=&#8221;{}&#8221; sticky_enabled=&#8221;0&#8243;]<\/p>\n<p>[\/et_pb_gallery][\/et_pb_column][\/et_pb_row][\/et_pb_section][et_pb_section fb_built=&#8221;1&#8243; _builder_version=&#8221;3.22&#8243; background_color=&#8221;#3e4543&#8243; custom_padding=&#8221;0|0px|0|0px|false|false&#8221; global_module=&#8221;1131&#8243; global_colors_info=&#8221;{}&#8221;][et_pb_row _builder_version=&#8221;4.16&#8243; max_width=&#8221;1080px&#8221; custom_padding=&#8221;50px|0px|0|0px|false|false&#8221; global_colors_info=&#8221;{}&#8221;][et_pb_column type=&#8221;4_4&#8243; _builder_version=&#8221;4.16&#8243; custom_padding=&#8221;|||&#8221; global_colors_info=&#8221;{}&#8221; custom_padding__hover=&#8221;|||&#8221;][et_pb_button button_url=&#8221;https:\/\/secure.kosmosol.it\/booking\/v2\/check-availability.php?h=21barra5-charvensod&#8221; url_new_window=&#8221;on&#8221; button_text=&#8221;R\u00c9SERVEZ&#8221; button_alignment=&#8221;center&#8221; admin_label=&#8221;PRENOTA&#8221; _builder_version=&#8221;4.16&#8243; custom_button=&#8221;on&#8221; button_text_size=&#8221;17px&#8221; button_text_color=&#8221;#333333&#8243; button_bg_color=&#8221;#ffa23f&#8221; button_border_width=&#8221;4px&#8221; button_border_color=&#8221;#ffa23f&#8221; button_border_radius=&#8221;0px&#8221; button_font=&#8221;|||on|||||&#8221; button_use_icon=&#8221;off&#8221; custom_margin=&#8221;|||&#8221; custom_padding=&#8221;|||&#8221; z_index_tablet=&#8221;500&#8243; global_colors_info=&#8221;{}&#8221; button_text_size__hover_enabled=&#8221;off&#8221; button_one_text_size__hover_enabled=&#8221;off&#8221; button_two_text_size__hover_enabled=&#8221;off&#8221; button_text_color__hover_enabled=&#8221;off&#8221; button_one_text_color__hover_enabled=&#8221;off&#8221; button_two_text_color__hover_enabled=&#8221;off&#8221; button_border_width__hover_enabled=&#8221;off&#8221; button_one_border_width__hover_enabled=&#8221;off&#8221; button_two_border_width__hover_enabled=&#8221;off&#8221; button_border_color__hover_enabled=&#8221;on&#8221; button_one_border_color__hover_enabled=&#8221;off&#8221; button_two_border_color__hover_enabled=&#8221;off&#8221; button_border_radius__hover_enabled=&#8221;off&#8221; button_one_border_radius__hover_enabled=&#8221;off&#8221; button_two_border_radius__hover_enabled=&#8221;off&#8221; button_letter_spacing__hover_enabled=&#8221;off&#8221; button_one_letter_spacing__hover_enabled=&#8221;off&#8221; button_two_letter_spacing__hover_enabled=&#8221;off&#8221; button_bg_color__hover_enabled=&#8221;on&#8221; button_one_bg_color__hover_enabled=&#8221;off&#8221; button_two_bg_color__hover_enabled=&#8221;off&#8221; button_bg_color__hover=&#8221;#ef923b&#8221; button_border_color__hover=&#8221;#ef923b&#8221;]<\/p>\n<p>&nbsp;<\/p>\n<p>[\/et_pb_button][\/et_pb_column][\/et_pb_row][\/et_pb_section]<\/p>\n","protected":false},"excerpt":{"rendered":"<p>&nbsp; &nbsp; &nbsp; OUTDOOR EN VALL\u00c9E D&#8217;AOSTE VTT La Vall\u00e9e d\u2019Aoste est s\u00fbrement l\u2019endroit id\u00e9al pour tous les passionn\u00e9s de VTT. On trouve sur tout le territoire r\u00e9gional de longs parcours sur des sentiers que l\u2019on peut parcourir en VTT, des parcours adapt\u00e9s \u00e0 tous les types de pr\u00e9paration physique. 21barra5 collabore avec des moniteurs [&hellip;]<\/p>\n","protected":false},"author":1,"featured_media":0,"parent":0,"menu_order":0,"comment_status":"closed","ping_status":"closed","template":"","meta":{"_et_pb_use_builder":"on","_et_pb_old_content":"","_et_gb_content_width":"","footnotes":""},"class_list":["post-1502","page","type-page","status-publish","hentry"],"yoast_head":"<!-- This site is optimized with the Yoast SEO plugin v27.3 - https:\/\/yoast.com\/product\/yoast-seo-wordpress\/ -->\n<title>Outdoor en Vall\u00e9e d&#039;Aoste pendant l&#039;\u00e9t\u00e9 et l&#039;hiver<\/title>\n<meta name=\"description\" content=\"Outdoor: mountain bike, trekking, sci alpino, snowboard, sci di fondo e alpinismo.\" \/>\n<meta name=\"robots\" content=\"index, follow, max-snippet:-1, max-image-preview:large, max-video-preview:-1\" \/>\n<link rel=\"canonical\" href=\"https:\/\/www.21barra5.it\/fr\/outdoor\/\" \/>\n<meta property=\"og:locale\" content=\"fr_FR\" \/>\n<meta property=\"og:type\" content=\"article\" \/>\n<meta property=\"og:title\" content=\"Outdoor en Vall\u00e9e d&#039;Aoste pendant l&#039;\u00e9t\u00e9 et l&#039;hiver\" \/>\n<meta property=\"og:description\" content=\"Outdoor: mountain bike, trekking, sci alpino, snowboard, sci di fondo e alpinismo.\" \/>\n<meta property=\"og:url\" content=\"https:\/\/www.21barra5.it\/fr\/outdoor\/\" \/>\n<meta property=\"og:site_name\" content=\"21barra5\" \/>\n<meta property=\"article:modified_time\" content=\"2023-12-11T07:55:22+00:00\" \/>\n<meta name=\"twitter:card\" content=\"summary_large_image\" \/>\n<meta name=\"twitter:label1\" content=\"Dur\u00e9e de lecture estim\u00e9e\" \/>\n\t<meta name=\"twitter:data1\" content=\"8 minutes\" \/>\n<script type=\"application\/ld+json\" class=\"yoast-schema-graph\">{\"@context\":\"https:\\\/\\\/schema.org\",\"@graph\":[{\"@type\":\"WebPage\",\"@id\":\"https:\\\/\\\/www.21barra5.it\\\/fr\\\/outdoor\\\/\",\"url\":\"https:\\\/\\\/www.21barra5.it\\\/fr\\\/outdoor\\\/\",\"name\":\"Outdoor en Vall\u00e9e d'Aoste pendant l'\u00e9t\u00e9 et l'hiver\",\"isPartOf\":{\"@id\":\"https:\\\/\\\/www.21barra5.it\\\/fr\\\/#website\"},\"datePublished\":\"2019-10-30T09:10:48+00:00\",\"dateModified\":\"2023-12-11T07:55:22+00:00\",\"description\":\"Outdoor: mountain bike, trekking, sci alpino, snowboard, sci di fondo e alpinismo.\",\"breadcrumb\":{\"@id\":\"https:\\\/\\\/www.21barra5.it\\\/fr\\\/outdoor\\\/#breadcrumb\"},\"inLanguage\":\"fr-FR\",\"potentialAction\":[{\"@type\":\"ReadAction\",\"target\":[\"https:\\\/\\\/www.21barra5.it\\\/fr\\\/outdoor\\\/\"]}]},{\"@type\":\"BreadcrumbList\",\"@id\":\"https:\\\/\\\/www.21barra5.it\\\/fr\\\/outdoor\\\/#breadcrumb\",\"itemListElement\":[{\"@type\":\"ListItem\",\"position\":1,\"name\":\"Home\",\"item\":\"https:\\\/\\\/www.21barra5.it\\\/fr\\\/\"},{\"@type\":\"ListItem\",\"position\":2,\"name\":\"Outdoor\"}]},{\"@type\":\"WebSite\",\"@id\":\"https:\\\/\\\/www.21barra5.it\\\/fr\\\/#website\",\"url\":\"https:\\\/\\\/www.21barra5.it\\\/fr\\\/\",\"name\":\"21barra5\",\"description\":\"B&amp;B Aosta\",\"potentialAction\":[{\"@type\":\"SearchAction\",\"target\":{\"@type\":\"EntryPoint\",\"urlTemplate\":\"https:\\\/\\\/www.21barra5.it\\\/fr\\\/?s={search_term_string}\"},\"query-input\":{\"@type\":\"PropertyValueSpecification\",\"valueRequired\":true,\"valueName\":\"search_term_string\"}}],\"inLanguage\":\"fr-FR\"}]}<\/script>\n<!-- \/ Yoast SEO plugin. -->","yoast_head_json":{"title":"Outdoor en Vall\u00e9e d'Aoste pendant l'\u00e9t\u00e9 et l'hiver","description":"Outdoor: mountain bike, trekking, sci alpino, snowboard, sci di fondo e alpinismo.","robots":{"index":"index","follow":"follow","max-snippet":"max-snippet:-1","max-image-preview":"max-image-preview:large","max-video-preview":"max-video-preview:-1"},"canonical":"https:\/\/www.21barra5.it\/fr\/outdoor\/","og_locale":"fr_FR","og_type":"article","og_title":"Outdoor en Vall\u00e9e d'Aoste pendant l'\u00e9t\u00e9 et l'hiver","og_description":"Outdoor: mountain bike, trekking, sci alpino, snowboard, sci di fondo e alpinismo.","og_url":"https:\/\/www.21barra5.it\/fr\/outdoor\/","og_site_name":"21barra5","article_modified_time":"2023-12-11T07:55:22+00:00","twitter_card":"summary_large_image","twitter_misc":{"Dur\u00e9e de lecture estim\u00e9e":"8 minutes"},"schema":{"@context":"https:\/\/schema.org","@graph":[{"@type":"WebPage","@id":"https:\/\/www.21barra5.it\/fr\/outdoor\/","url":"https:\/\/www.21barra5.it\/fr\/outdoor\/","name":"Outdoor en Vall\u00e9e d'Aoste pendant l'\u00e9t\u00e9 et l'hiver","isPartOf":{"@id":"https:\/\/www.21barra5.it\/fr\/#website"},"datePublished":"2019-10-30T09:10:48+00:00","dateModified":"2023-12-11T07:55:22+00:00","description":"Outdoor: mountain bike, trekking, sci alpino, snowboard, sci di fondo e alpinismo.","breadcrumb":{"@id":"https:\/\/www.21barra5.it\/fr\/outdoor\/#breadcrumb"},"inLanguage":"fr-FR","potentialAction":[{"@type":"ReadAction","target":["https:\/\/www.21barra5.it\/fr\/outdoor\/"]}]},{"@type":"BreadcrumbList","@id":"https:\/\/www.21barra5.it\/fr\/outdoor\/#breadcrumb","itemListElement":[{"@type":"ListItem","position":1,"name":"Home","item":"https:\/\/www.21barra5.it\/fr\/"},{"@type":"ListItem","position":2,"name":"Outdoor"}]},{"@type":"WebSite","@id":"https:\/\/www.21barra5.it\/fr\/#website","url":"https:\/\/www.21barra5.it\/fr\/","name":"21barra5","description":"B&amp;B Aosta","potentialAction":[{"@type":"SearchAction","target":{"@type":"EntryPoint","urlTemplate":"https:\/\/www.21barra5.it\/fr\/?s={search_term_string}"},"query-input":{"@type":"PropertyValueSpecification","valueRequired":true,"valueName":"search_term_string"}}],"inLanguage":"fr-FR"}]}},"_links":{"self":[{"href":"https:\/\/www.21barra5.it\/fr\/wp-json\/wp\/v2\/pages\/1502","targetHints":{"allow":["GET"]}}],"collection":[{"href":"https:\/\/www.21barra5.it\/fr\/wp-json\/wp\/v2\/pages"}],"about":[{"href":"https:\/\/www.21barra5.it\/fr\/wp-json\/wp\/v2\/types\/page"}],"author":[{"embeddable":true,"href":"https:\/\/www.21barra5.it\/fr\/wp-json\/wp\/v2\/users\/1"}],"replies":[{"embeddable":true,"href":"https:\/\/www.21barra5.it\/fr\/wp-json\/wp\/v2\/comments?post=1502"}],"version-history":[{"count":10,"href":"https:\/\/www.21barra5.it\/fr\/wp-json\/wp\/v2\/pages\/1502\/revisions"}],"predecessor-version":[{"id":2939,"href":"https:\/\/www.21barra5.it\/fr\/wp-json\/wp\/v2\/pages\/1502\/revisions\/2939"}],"wp:attachment":[{"href":"https:\/\/www.21barra5.it\/fr\/wp-json\/wp\/v2\/media?parent=1502"}],"curies":[{"name":"wp","href":"https:\/\/api.w.org\/{rel}","templated":true}]}}