{"id":1498,"date":"2019-10-30T10:08:18","date_gmt":"2019-10-30T09:08:18","guid":{"rendered":"https:\/\/www.21barra5.it\/petits-dejeuners\/"},"modified":"2025-06-03T09:14:49","modified_gmt":"2025-06-03T07:14:49","slug":"petits-dejeuners","status":"publish","type":"page","link":"https:\/\/www.21barra5.it\/fr\/petits-dejeuners\/","title":{"rendered":"Petits-d\u00e9jeuners"},"content":{"rendered":"<p>[et_pb_section fb_built=&#8221;1&#8243; _builder_version=&#8221;4.18.0&#8243; _module_preset=&#8221;default&#8221; custom_padding=&#8221;0px||20px||false|false&#8221; global_module=&#8221;2457&#8243; locked=&#8221;off&#8221; global_colors_info=&#8221;{}&#8221;][et_pb_row _builder_version=&#8221;4.18.0&#8243; _module_preset=&#8221;default&#8221; custom_padding=&#8221;0px||0px||true|false&#8221; global_colors_info=&#8221;{}&#8221;][et_pb_column type=&#8221;4_4&#8243; _builder_version=&#8221;4.18.0&#8243; _module_preset=&#8221;default&#8221; global_colors_info=&#8221;{}&#8221;][et_pb_code _builder_version=&#8221;4.18.0&#8243; _module_preset=&#8221;default&#8221; global_colors_info=&#8221;{}&#8221;]<\/p>\n<div id=\"cinqueStelleBolContainer\"><\/div>\n<p>[\/et_pb_code][\/et_pb_column][\/et_pb_row][\/et_pb_section][et_pb_section fb_built=&#8221;1&#8243; admin_label=&#8221;Testata&#8221; _builder_version=&#8221;4.16&#8243; custom_margin=&#8221;0px|0px|0px|0px&#8221; custom_padding=&#8221;0px|0px|0px|0px&#8221; global_colors_info=&#8221;{}&#8221;][et_pb_row column_structure=&#8221;1_3,2_3&#8243; use_custom_gutter=&#8221;on&#8221; gutter_width=&#8221;1&#8243; make_equal=&#8221;on&#8221; padding_top_bottom_link_1=&#8221;true&#8221; padding_top_bottom_link_2=&#8221;true&#8221; module_class=&#8221; et_pb_row_fullwidth&#8221; _builder_version=&#8221;4.16&#8243; width=&#8221;100%&#8221; width_tablet=&#8221;100%&#8221; width_phone=&#8221;&#8221; width_last_edited=&#8221;on|desktop&#8221; max_width=&#8221;100%&#8221; max_width_tablet=&#8221;100%&#8221; max_width_phone=&#8221;&#8221; max_width_last_edited=&#8221;on|desktop&#8221; custom_margin=&#8221;0px|0px|0px|0px&#8221; custom_padding=&#8221;0px|0px|0px|0px&#8221; make_fullwidth=&#8221;on&#8221; global_colors_info=&#8221;{}&#8221;][et_pb_column type=&#8221;1_3&#8243; _builder_version=&#8221;4.16&#8243; background_color=&#8221;#3E4543&#8243; custom_padding=&#8221;120px|60px|120px|60px&#8221; custom_padding_tablet=&#8221;60px||60px||true&#8221; custom_padding_phone=&#8221;&#8221; custom_padding_last_edited=&#8221;on|tablet&#8221; global_colors_info=&#8221;{}&#8221; custom_padding__hover=&#8221;|||&#8221;][et_pb_image src=&#8221;https:\/\/www.21barra5.it\/wp-content\/uploads\/2018\/09\/21barra5-footer.png&#8221; url=&#8221;https:\/\/www.21barra5.it\/fr\/&#8221; align=&#8221;center&#8221; align_tablet=&#8221;center&#8221; align_phone=&#8221;&#8221; align_last_edited=&#8221;on|desktop&#8221; admin_label=&#8221;Logo&#8221; _builder_version=&#8221;3.19.18&#8243; custom_margin=&#8221;||60px|&#8221; custom_margin_tablet=&#8221;||40px|&#8221; custom_margin_phone=&#8221;||30px|&#8221; custom_margin_last_edited=&#8221;on|phone&#8221; global_module=&#8221;460&#8243; saved_tabs=&#8221;all&#8221; global_colors_info=&#8221;{}&#8221;]<\/p>\n<p>&nbsp;<\/p>\n<p>[\/et_pb_image][et_pb_image src=&#8221;https:\/\/www.21barra5.it\/wp-content\/uploads\/2018\/09\/linea.png&#8221; url=&#8221;#titolo&#8221; align=&#8221;center&#8221; align_tablet=&#8221;center&#8221; align_phone=&#8221;&#8221; align_last_edited=&#8221;on|desktop&#8221; admin_label=&#8221;Freccia&#8221; _builder_version=&#8221;4.16&#8243; locked=&#8221;on&#8221; global_colors_info=&#8221;{}&#8221;]<\/p>\n<p>&nbsp;<\/p>\n<p>\n[\/et_pb_image][\/et_pb_column][et_pb_column type=&#8221;2_3&#8243; _builder_version=&#8221;4.16&#8243; background_image=&#8221;https:\/\/www.21barra5.it\/wp-content\/uploads\/2020\/07\/21barra5-gressan-colazioni-6.jpg&#8221; custom_padding=&#8221;120px||120px|&#8221; custom_padding_tablet=&#8221;&#8221; custom_padding_phone=&#8221;&#8221; custom_padding_last_edited=&#8221;on|phone&#8221; global_colors_info=&#8221;{}&#8221; custom_padding__hover=&#8221;|||&#8221;][et_pb_divider show_divider=&#8221;off&#8221; _builder_version=&#8221;3.14&#8243; locked=&#8221;on&#8221;]<\/p>\n<p>&nbsp;<\/p>\n<p>[\/et_pb_divider][\/et_pb_column][\/et_pb_row][\/et_pb_section][et_pb_section fb_built=&#8221;1&#8243; module_id=&#8221;titolo&#8221; _builder_version=&#8221;4.16&#8243; global_colors_info=&#8221;{}&#8221;][et_pb_row column_structure=&#8221;3_4,1_4&#8243; use_custom_gutter=&#8221;on&#8221; gutter_width=&#8221;2&#8243; _builder_version=&#8221;4.16&#8243; custom_padding=&#8221;|||&#8221; global_colors_info=&#8221;{}&#8221;][et_pb_column type=&#8221;3_4&#8243; _builder_version=&#8221;4.16&#8243; custom_padding=&#8221;|40px||40px&#8221; custom_padding_tablet=&#8221;|20px||20px&#8221; custom_padding_phone=&#8221;|10px||10px&#8221; custom_padding_last_edited=&#8221;on|tablet&#8221; global_colors_info=&#8221;{}&#8221; custom_padding__hover=&#8221;|||&#8221;][et_pb_text admin_label=&#8221;LE NOSTRE COLAZIONI&#8221; module_class=&#8221;titolo-data&#8221; _builder_version=&#8221;4.16&#8243; custom_margin=&#8221;||50px|&#8221; custom_padding=&#8221;|||&#8221; global_colors_info=&#8221;{}&#8221;]<\/p>\n<h1 style=\"text-align: left;\">NOS PETITS-DEJEUNERS<\/h1>\n<p>[\/et_pb_text][et_pb_text admin_label=&#8221;Per cominciare bene la giornata&#8221; module_class=&#8221;sottotitolo-data&#8221; _builder_version=&#8221;4.16&#8243; custom_margin=&#8221;||5px|&#8221; custom_padding=&#8221;|||&#8221; global_colors_info=&#8221;{}&#8221;]<\/p>\n<h2 style=\"text-align: left;\">Pour bien commencer la journ\u00e9e<\/h2>\n<p>[\/et_pb_text][et_pb_text module_class=&#8221;testo-data&#8221; _builder_version=&#8221;4.20.0&#8243; custom_margin=&#8221;0px||70px|&#8221; custom_padding=&#8221;0px|||&#8221; global_colors_info=&#8221;{}&#8221;]<br \/>Pour un r\u00e9veil plein d\u2019\u00e9nergie et d\u2019enthousiasme, nous proposons \u00e0 notre client\u00e8le un petit-d\u00e9jeuner buffet o\u00f9 rien ne manque : tartes et g\u00e2teaux faits maison, confiture, fruits frais et secs, yaourts, c\u00e9r\u00e9ales et graines vari\u00e9es, miels, boissons chaudes et froides.<\/p>\n<p>Nous serons \u00e9galement ravis de servir \u00e0 nos clients des planches de charcuterie et de fromages locaux et d\u2019\u0153ufs pr\u00e9par\u00e9s \u00e0 la commande.<br \/>[\/et_pb_text][et_pb_image src=&#8221;https:\/\/www.21barra5.it\/wp-content\/uploads\/2019\/03\/21barra5-torta.jpg&#8221; alt=&#8221;21BARRA5 &#8211; Petits-d\u00e9jeuners&#8221; title_text=&#8221;21BARRA5 &#8211; Petits-d\u00e9jeuners&#8221; show_in_lightbox=&#8221;on&#8221; align_tablet=&#8221;center&#8221; align_phone=&#8221;&#8221; align_last_edited=&#8221;on|desktop&#8221; module_class=&#8221;banner-data&#8221; _builder_version=&#8221;4.16&#8243; custom_margin=&#8221;||70px|&#8221; global_colors_info=&#8221;{}&#8221;]<\/p>\n<p>&nbsp;<\/p>\n<p>\n[\/et_pb_image][et_pb_text module_class=&#8221;testo-data&#8221; _builder_version=&#8221;4.16&#8243; custom_margin=&#8221;0px||70px|&#8221; custom_padding=&#8221;0px|||&#8221; global_colors_info=&#8221;{}&#8221;]<\/p>\n<p style=\"text-align: left;\">Le tout sans vous pressez, jusqu\u2019\u00e0 09 heures et 30 du matin.<\/p>\n<p>Notre choix est orient\u00e9 vers des produits du territoire et \u00e0 <strong>km 0<\/strong> et nous offrons, autant que possible, des fruits de notre jardin-potager et de notre verger qui entourent notre maison.<\/p>\n<p>[\/et_pb_text][et_pb_gallery gallery_ids=&#8221;1895,1901,1907,1904,1898,1641&#8243; posts_number=&#8221;6&#8243; show_title_and_caption=&#8221;off&#8221; show_pagination=&#8221;off&#8221; _builder_version=&#8221;4.16&#8243; custom_margin=&#8221;||70px||false|false&#8221; global_colors_info=&#8221;{}&#8221;][\/et_pb_gallery][et_pb_button button_url=&#8221;https:\/\/www.21barra5.it\/fr\/outdoor\/&#8221; button_text=&#8221;VIVRE LA MONTAGNE&#8221; button_alignment=&#8221;left&#8221; admin_label=&#8221;VIVI LA MONTAGNA&#8221; _builder_version=&#8221;4.16&#8243; custom_button=&#8221;on&#8221; button_text_size=&#8221;17px&#8221; button_text_color=&#8221;#ffffff&#8221; button_bg_color=&#8221;#6F7876&#8243; button_border_width=&#8221;15px&#8221; button_border_color=&#8221;#6f7876&#8243; button_border_radius=&#8221;0px&#8221; button_font=&#8221;|||on|||||&#8221; custom_margin=&#8221;|10%|2.9%|||&#8221; custom_margin_tablet=&#8221;||50px|10%&#8221; custom_margin_phone=&#8221;&#8221; custom_margin_last_edited=&#8221;on|phone&#8221; custom_padding=&#8221;|||&#8221; global_colors_info=&#8221;{}&#8221; button_text_size__hover_enabled=&#8221;off&#8221; button_one_text_size__hover_enabled=&#8221;off&#8221; button_two_text_size__hover_enabled=&#8221;off&#8221; button_text_color__hover_enabled=&#8221;off&#8221; button_one_text_color__hover_enabled=&#8221;off&#8221; button_two_text_color__hover_enabled=&#8221;off&#8221; button_border_width__hover_enabled=&#8221;off&#8221; button_one_border_width__hover_enabled=&#8221;off&#8221; button_two_border_width__hover_enabled=&#8221;off&#8221; button_border_color__hover_enabled=&#8221;off&#8221; button_one_border_color__hover_enabled=&#8221;off&#8221; button_two_border_color__hover_enabled=&#8221;off&#8221; button_border_radius__hover_enabled=&#8221;off&#8221; button_one_border_radius__hover_enabled=&#8221;off&#8221; button_two_border_radius__hover_enabled=&#8221;off&#8221; button_letter_spacing__hover_enabled=&#8221;off&#8221; button_one_letter_spacing__hover_enabled=&#8221;off&#8221; button_two_letter_spacing__hover_enabled=&#8221;off&#8221; button_bg_color__hover_enabled=&#8221;off&#8221; button_one_bg_color__hover_enabled=&#8221;off&#8221; button_two_bg_color__hover_enabled=&#8221;off&#8221;]<\/p>\n<p>&nbsp;<\/p>\n<p>\n[\/et_pb_button][\/et_pb_column][et_pb_column type=&#8221;1_4&#8243; _builder_version=&#8221;4.16&#8243; custom_padding=&#8221;|||&#8221; global_colors_info=&#8221;{}&#8221; custom_padding__hover=&#8221;|||&#8221;][et_pb_gallery gallery_ids=&#8221;1637,1598,1639&#8243; posts_number=&#8221;5&#8243; orientation=&#8221;portrait&#8221; show_title_and_caption=&#8221;off&#8221; show_pagination=&#8221;off&#8221; module_class=&#8221;galleria-data&#8221; _builder_version=&#8221;3.21.1&#8243; custom_padding=&#8221;|||&#8221; hover_transition_duration=&#8221;0ms&#8221; hover_transition_speed_curve=&#8221;linear&#8221; z_index_tablet=&#8221;500&#8243;][\/et_pb_gallery][\/et_pb_column][\/et_pb_row][\/et_pb_section][et_pb_section fb_built=&#8221;1&#8243; _builder_version=&#8221;3.22&#8243; background_color=&#8221;#3e4543&#8243; custom_padding=&#8221;0|0px|0|0px|false|false&#8221; global_module=&#8221;1131&#8243; global_colors_info=&#8221;{}&#8221;][et_pb_row _builder_version=&#8221;4.16&#8243; max_width=&#8221;1080px&#8221; custom_padding=&#8221;50px|0px|0|0px|false|false&#8221; global_colors_info=&#8221;{}&#8221;][et_pb_column type=&#8221;4_4&#8243; _builder_version=&#8221;4.16&#8243; custom_padding=&#8221;|||&#8221; global_colors_info=&#8221;{}&#8221; custom_padding__hover=&#8221;|||&#8221;][et_pb_button button_url=&#8221;https:\/\/secure.kosmosol.it\/booking\/v2\/check-availability.php?h=21barra5-charvensod&#8221; url_new_window=&#8221;on&#8221; button_text=&#8221;R\u00c9SERVEZ&#8221; button_alignment=&#8221;center&#8221; admin_label=&#8221;PRENOTA&#8221; _builder_version=&#8221;4.16&#8243; custom_button=&#8221;on&#8221; button_text_size=&#8221;17px&#8221; button_text_color=&#8221;#333333&#8243; button_bg_color=&#8221;#ffa23f&#8221; button_border_width=&#8221;4px&#8221; button_border_color=&#8221;#ffa23f&#8221; button_border_radius=&#8221;0px&#8221; button_font=&#8221;|||on|||||&#8221; button_use_icon=&#8221;off&#8221; custom_margin=&#8221;|||&#8221; custom_padding=&#8221;|||&#8221; z_index_tablet=&#8221;500&#8243; global_colors_info=&#8221;{}&#8221; button_text_size__hover_enabled=&#8221;off&#8221; button_one_text_size__hover_enabled=&#8221;off&#8221; button_two_text_size__hover_enabled=&#8221;off&#8221; button_text_color__hover_enabled=&#8221;off&#8221; button_one_text_color__hover_enabled=&#8221;off&#8221; button_two_text_color__hover_enabled=&#8221;off&#8221; button_border_width__hover_enabled=&#8221;off&#8221; button_one_border_width__hover_enabled=&#8221;off&#8221; button_two_border_width__hover_enabled=&#8221;off&#8221; button_border_color__hover_enabled=&#8221;on&#8221; button_one_border_color__hover_enabled=&#8221;off&#8221; button_two_border_color__hover_enabled=&#8221;off&#8221; button_border_radius__hover_enabled=&#8221;off&#8221; button_one_border_radius__hover_enabled=&#8221;off&#8221; button_two_border_radius__hover_enabled=&#8221;off&#8221; button_letter_spacing__hover_enabled=&#8221;off&#8221; button_one_letter_spacing__hover_enabled=&#8221;off&#8221; button_two_letter_spacing__hover_enabled=&#8221;off&#8221; button_bg_color__hover_enabled=&#8221;on&#8221; button_one_bg_color__hover_enabled=&#8221;off&#8221; button_two_bg_color__hover_enabled=&#8221;off&#8221; button_bg_color__hover=&#8221;#ef923b&#8221; button_border_color__hover=&#8221;#ef923b&#8221;]<\/p>\n<p>&nbsp;<\/p>\n<p>[\/et_pb_button][\/et_pb_column][\/et_pb_row][\/et_pb_section]<\/p>\n","protected":false},"excerpt":{"rendered":"<p>&nbsp; &nbsp; &nbsp;NOS PETITS-DEJEUNERS Pour bien commencer la journ\u00e9e Pour un r\u00e9veil plein d\u2019\u00e9nergie et d\u2019enthousiasme, nous proposons \u00e0 notre client\u00e8le un petit-d\u00e9jeuner buffet o\u00f9 rien ne manque : tartes et g\u00e2teaux faits maison, confiture, fruits frais et secs, yaourts, c\u00e9r\u00e9ales et graines vari\u00e9es, miels, boissons chaudes et froides.Nous serons \u00e9galement ravis de servir \u00e0 [&hellip;]<\/p>\n","protected":false},"author":1,"featured_media":0,"parent":0,"menu_order":0,"comment_status":"closed","ping_status":"closed","template":"","meta":{"_et_pb_use_builder":"on","_et_pb_old_content":"","_et_gb_content_width":"","footnotes":""},"class_list":["post-1498","page","type-page","status-publish","hentry"],"yoast_head":"<!-- This site is optimized with the Yoast SEO plugin v27.3 - https:\/\/yoast.com\/product\/yoast-seo-wordpress\/ -->\n<title>Petits-d\u00e9jeuners 21barra5 - Per cominciare bene la giornata<\/title>\n<meta name=\"description\" content=\"Per un risveglio pieno di energia ed entusiasmo proponiamo ai nostri Ospiti una colazione a buffet dove non mancano mai torte e dolci fatti in casa.\" \/>\n<meta name=\"robots\" content=\"index, follow, max-snippet:-1, max-image-preview:large, max-video-preview:-1\" \/>\n<link rel=\"canonical\" href=\"https:\/\/www.21barra5.it\/fr\/petits-dejeuners\/\" \/>\n<meta property=\"og:locale\" content=\"fr_FR\" \/>\n<meta property=\"og:type\" content=\"article\" \/>\n<meta property=\"og:title\" content=\"Petits-d\u00e9jeuners 21barra5 - Per cominciare bene la giornata\" \/>\n<meta property=\"og:description\" content=\"Per un risveglio pieno di energia ed entusiasmo proponiamo ai nostri Ospiti una colazione a buffet dove non mancano mai torte e dolci fatti in casa.\" \/>\n<meta property=\"og:url\" content=\"https:\/\/www.21barra5.it\/fr\/petits-dejeuners\/\" \/>\n<meta property=\"og:site_name\" content=\"21barra5\" \/>\n<meta property=\"article:modified_time\" content=\"2025-06-03T07:14:49+00:00\" \/>\n<meta name=\"twitter:card\" content=\"summary_large_image\" \/>\n<meta name=\"twitter:label1\" content=\"Dur\u00e9e de lecture estim\u00e9e\" \/>\n\t<meta name=\"twitter:data1\" content=\"7 minutes\" \/>\n<script type=\"application\/ld+json\" class=\"yoast-schema-graph\">{\"@context\":\"https:\\\/\\\/schema.org\",\"@graph\":[{\"@type\":\"WebPage\",\"@id\":\"https:\\\/\\\/www.21barra5.it\\\/fr\\\/petits-dejeuners\\\/\",\"url\":\"https:\\\/\\\/www.21barra5.it\\\/fr\\\/petits-dejeuners\\\/\",\"name\":\"Petits-d\u00e9jeuners 21barra5 - Per cominciare bene la giornata\",\"isPartOf\":{\"@id\":\"https:\\\/\\\/www.21barra5.it\\\/fr\\\/#website\"},\"datePublished\":\"2019-10-30T09:08:18+00:00\",\"dateModified\":\"2025-06-03T07:14:49+00:00\",\"description\":\"Per un risveglio pieno di energia ed entusiasmo proponiamo ai nostri Ospiti una colazione a buffet dove non mancano mai torte e dolci fatti in casa.\",\"breadcrumb\":{\"@id\":\"https:\\\/\\\/www.21barra5.it\\\/fr\\\/petits-dejeuners\\\/#breadcrumb\"},\"inLanguage\":\"fr-FR\",\"potentialAction\":[{\"@type\":\"ReadAction\",\"target\":[\"https:\\\/\\\/www.21barra5.it\\\/fr\\\/petits-dejeuners\\\/\"]}]},{\"@type\":\"BreadcrumbList\",\"@id\":\"https:\\\/\\\/www.21barra5.it\\\/fr\\\/petits-dejeuners\\\/#breadcrumb\",\"itemListElement\":[{\"@type\":\"ListItem\",\"position\":1,\"name\":\"Home\",\"item\":\"https:\\\/\\\/www.21barra5.it\\\/fr\\\/\"},{\"@type\":\"ListItem\",\"position\":2,\"name\":\"Petits-d\u00e9jeuners\"}]},{\"@type\":\"WebSite\",\"@id\":\"https:\\\/\\\/www.21barra5.it\\\/fr\\\/#website\",\"url\":\"https:\\\/\\\/www.21barra5.it\\\/fr\\\/\",\"name\":\"21barra5\",\"description\":\"B&amp;B Aosta\",\"potentialAction\":[{\"@type\":\"SearchAction\",\"target\":{\"@type\":\"EntryPoint\",\"urlTemplate\":\"https:\\\/\\\/www.21barra5.it\\\/fr\\\/?s={search_term_string}\"},\"query-input\":{\"@type\":\"PropertyValueSpecification\",\"valueRequired\":true,\"valueName\":\"search_term_string\"}}],\"inLanguage\":\"fr-FR\"}]}<\/script>\n<!-- \/ Yoast SEO plugin. -->","yoast_head_json":{"title":"Petits-d\u00e9jeuners 21barra5 - Per cominciare bene la giornata","description":"Per un risveglio pieno di energia ed entusiasmo proponiamo ai nostri Ospiti una colazione a buffet dove non mancano mai torte e dolci fatti in casa.","robots":{"index":"index","follow":"follow","max-snippet":"max-snippet:-1","max-image-preview":"max-image-preview:large","max-video-preview":"max-video-preview:-1"},"canonical":"https:\/\/www.21barra5.it\/fr\/petits-dejeuners\/","og_locale":"fr_FR","og_type":"article","og_title":"Petits-d\u00e9jeuners 21barra5 - Per cominciare bene la giornata","og_description":"Per un risveglio pieno di energia ed entusiasmo proponiamo ai nostri Ospiti una colazione a buffet dove non mancano mai torte e dolci fatti in casa.","og_url":"https:\/\/www.21barra5.it\/fr\/petits-dejeuners\/","og_site_name":"21barra5","article_modified_time":"2025-06-03T07:14:49+00:00","twitter_card":"summary_large_image","twitter_misc":{"Dur\u00e9e de lecture estim\u00e9e":"7 minutes"},"schema":{"@context":"https:\/\/schema.org","@graph":[{"@type":"WebPage","@id":"https:\/\/www.21barra5.it\/fr\/petits-dejeuners\/","url":"https:\/\/www.21barra5.it\/fr\/petits-dejeuners\/","name":"Petits-d\u00e9jeuners 21barra5 - Per cominciare bene la giornata","isPartOf":{"@id":"https:\/\/www.21barra5.it\/fr\/#website"},"datePublished":"2019-10-30T09:08:18+00:00","dateModified":"2025-06-03T07:14:49+00:00","description":"Per un risveglio pieno di energia ed entusiasmo proponiamo ai nostri Ospiti una colazione a buffet dove non mancano mai torte e dolci fatti in casa.","breadcrumb":{"@id":"https:\/\/www.21barra5.it\/fr\/petits-dejeuners\/#breadcrumb"},"inLanguage":"fr-FR","potentialAction":[{"@type":"ReadAction","target":["https:\/\/www.21barra5.it\/fr\/petits-dejeuners\/"]}]},{"@type":"BreadcrumbList","@id":"https:\/\/www.21barra5.it\/fr\/petits-dejeuners\/#breadcrumb","itemListElement":[{"@type":"ListItem","position":1,"name":"Home","item":"https:\/\/www.21barra5.it\/fr\/"},{"@type":"ListItem","position":2,"name":"Petits-d\u00e9jeuners"}]},{"@type":"WebSite","@id":"https:\/\/www.21barra5.it\/fr\/#website","url":"https:\/\/www.21barra5.it\/fr\/","name":"21barra5","description":"B&amp;B Aosta","potentialAction":[{"@type":"SearchAction","target":{"@type":"EntryPoint","urlTemplate":"https:\/\/www.21barra5.it\/fr\/?s={search_term_string}"},"query-input":{"@type":"PropertyValueSpecification","valueRequired":true,"valueName":"search_term_string"}}],"inLanguage":"fr-FR"}]}},"_links":{"self":[{"href":"https:\/\/www.21barra5.it\/fr\/wp-json\/wp\/v2\/pages\/1498","targetHints":{"allow":["GET"]}}],"collection":[{"href":"https:\/\/www.21barra5.it\/fr\/wp-json\/wp\/v2\/pages"}],"about":[{"href":"https:\/\/www.21barra5.it\/fr\/wp-json\/wp\/v2\/types\/page"}],"author":[{"embeddable":true,"href":"https:\/\/www.21barra5.it\/fr\/wp-json\/wp\/v2\/users\/1"}],"replies":[{"embeddable":true,"href":"https:\/\/www.21barra5.it\/fr\/wp-json\/wp\/v2\/comments?post=1498"}],"version-history":[{"count":21,"href":"https:\/\/www.21barra5.it\/fr\/wp-json\/wp\/v2\/pages\/1498\/revisions"}],"predecessor-version":[{"id":3017,"href":"https:\/\/www.21barra5.it\/fr\/wp-json\/wp\/v2\/pages\/1498\/revisions\/3017"}],"wp:attachment":[{"href":"https:\/\/www.21barra5.it\/fr\/wp-json\/wp\/v2\/media?parent=1498"}],"curies":[{"name":"wp","href":"https:\/\/api.w.org\/{rel}","templated":true}]}}